{"id":176,"date":"2025-05-25T22:39:00","date_gmt":"2025-05-25T22:39:00","guid":{"rendered":"https:\/\/wampiriada.info\/?page_id=176"},"modified":"2025-06-02T22:01:48","modified_gmt":"2025-06-02T22:01:48","slug":"jedna-kropla-czyni-bohatera","status":"publish","type":"page","link":"https:\/\/wampiriada.info\/","title":{"rendered":"Jedna Kropla czyni bohatera !"},"content":{"rendered":"\t\t<div data-elementor-type=\"wp-page\" data-elementor-id=\"176\" class=\"elementor elementor-176\">\n\t\t\t\t<div class=\"elementor-element elementor-element-1e62a9d e-flex e-con-boxed e-con e-parent\" data-id=\"1e62a9d\" data-element_type=\"container\" data-settings=\"{&quot;background_background&quot;:&quot;classic&quot;,&quot;shape_divider_top&quot;:&quot;drops&quot;,&quot;animation&quot;:&quot;none&quot;,&quot;shape_divider_bottom&quot;:&quot;opacity-tilt&quot;}\">\n\t\t\t\t\t<div class=\"e-con-inner\">\n\t\t\t\t<div class=\"elementor-shape elementor-shape-top\" aria-hidden=\"true\" data-negative=\"false\">\n\t\t\t<svg xmlns=\"http:\/\/www.w3.org\/2000\/svg\" height=\"100%\" viewBox=\"0 0 283.5 27.8\" preserveAspectRatio=\"xMidYMax slice\">\n\t<path class=\"elementor-shape-fill\" d=\"M0 0v1.4c.6.7 1.1 1.4 1.4 2 2 3.8 2.2 6.6 1.8 10.8-.3 3.3-2.4 9.4 0 12.3 1.7 2 3.7 1.4 4.6-.9 1.4-3.8-.7-8.2-.6-12 .1-3.7 3.2-5.5 6.9-4.9 4 .6 4.8 4 4.9 7.4.1 1.8-1.1 7 0 8.5.6.8 1.6 1.2 2.4.5 1.4-1.1.1-5.4.1-6.9.1-3.7.3-8.6 4.1-10.5 5-2.5 6.2 1.6 5.4 5.6-.4 1.7-1 9.2 2.9 6.3 1.5-1.1.7-3.5.5-4.9-.4-2.4-.4-4.3 1-6.5.9-1.4 2.4-3.1 4.2-3 2.4.1 2.7 2.2 4 3.7 1.5 1.8 1.8 2.2 3 .1 1.1-1.9 1.2-2.8 3.6-3.3 1.3-.3 4.8-1.4 5.9-.5 1.5 1.1.6 2.8.4 4.3-.2 1.1-.6 4 1.8 3.4 1.7-.4-.3-4.1.6-5.6 1.3-2.2 5.8-1.4 7 .5 1.3 2.1.5 5.8.1 8.1s-1.2 5-.6 7.4c1.3 5.1 4.4.9 4.3-2.4-.1-4.4-2-8.8-.5-13 .9-2.4 4.6-6.6 7.7-4.5 2.7 1.8.5 7.8.2 10.3-.2 1.7-.8 4.6.2 6.2.9 1.4 2 1.5 2.6-.3.5-1.5-.9-4.5-1-6.1-.2-1.7-.4-3.7.2-5.4 1.8-5.6 3.5 2.4 6.3.6 1.4-.9 4.3-9.4 6.1-3.1.6 2.2-1.3 7.8.7 8.9 4.2 2.3 1.5-7.1 2.2-8 3.1-4 4.7 3.8 6.1 4.1 3.1.7 2.8-7.9 8.1-4.5 1.7 1.1 2.9 3.3 3.2 5.2.4 2.2-1 4.5-.6 6.6 1 4.3 4.4 1.5 4.4-1.7 0-2.7-3-8.3 1.4-9.1 4.4-.9 7.3 3.5 7.8 6.9.3 2-1.5 10.9 1.3 11.3 4.1.6-3.2-15.7 4.8-15.8 4.7-.1 2.8 4.1 3.9 6.6 1 2.4 2.1 1 2.3-.8.3-1.9-.9-3.2 1.3-4.3 5.9-2.9 5.9 5.4 5.5 8.5-.3 2-1.7 8.4 2 8.1 6.9-.5-2.8-16.9 4.8-18.7 4.7-1.2 6.1 3.6 6.3 7.1.1 1.7-1.2 8.1.6 9.1 3.5 2 1.9-7 2-8.4.2-4 1.2-9.6 6.4-9.8 4.7-.2 3.2 4.6 2.7 7.5-.4 2.2 1.3 8.6 3.8 4.4 1.1-1.9-.3-4.1-.3-6 0-1.7.4-3.2 1.3-4.6 1-1.6 2.9-3.5 5.1-2.9 2.5.6 2.3 4.1 4.1 4.9 1.9.8 1.6-.9 2.3-2.1 1.2-2.1 2.1-2.1 4.4-2.4 1.4-.2 3.6-1.5 4.9-.5 2.3 1.7-.7 4.4.1 6.5.6 1.5 2.1 1.7 2.8.3.7-1.4-1.1-3.4-.3-4.8 1.4-2.5 6.2-1.2 7.2 1 2.3 4.8-3.3 12-.2 16.3 3 4.1 3.9-2.8 3.8-4.8-.4-4.3-2.1-8.9 0-13.1 1.3-2.5 5.9-5.7 7.9-2.4 2 3.2-1.3 9.8-.8 13.4.5 4.4 3.5 3.3 2.7-.8-.4-1.9-2.4-10 .6-11.1 3.7-1.4 2.8 7.2 6.5.4 2.2-4.1 4.9-3.1 5.2 1.2.1 1.5-.6 3.1-.4 4.6.2 1.9 1.8 3.7 3.3 1.3 1-1.6-2.6-10.4 2.9-7.3 2.6 1.5 1.6 6.5 4.8 2.7 1.3-1.5 1.7-3.6 4-3.7 2.2-.1 4 2.3 4.8 4.1 1.3 2.9-1.5 8.4.9 10.3 4.2 3.3 3-5.5 2.7-6.9-.6-3.9 1-7.2 5.5-5 4.1 2.1 4.3 7.7 4.1 11.6 0 .8-.6 9.5 2.5 5.2 1.2-1.7-.1-7.7.1-9.6.3-2.9 1.2-5.5 4.3-6.2 4.5-1 7.7 1.5 7.4 5.8-.2 3.5-1.8 7.7-.5 11.1 1 2.7 3.6 2.8 5 .2 1.6-3.1 0-8.3-.4-11.6-.4-4.2-.2-7 1.8-10.8 0 0-.1.1-.1.2-.2.4-.3.7-.4.8v.1c-.1.2-.1.2 0 0v-.1l.4-.8c0-.1.1-.1.1-.2.2-.4.5-.8.8-1.2V0H0zM282.7 3.4z\"\/>\n<\/svg>\t\t<\/div>\n\t\t\t\t<div class=\"elementor-shape elementor-shape-bottom\" aria-hidden=\"true\" data-negative=\"false\">\n\t\t\t<svg xmlns=\"http:\/\/www.w3.org\/2000\/svg\" viewBox=\"0 0 2600 131.1\" preserveAspectRatio=\"none\">\n\t<path class=\"elementor-shape-fill\" d=\"M0 0L2600 0 2600 69.1 0 0z\"\/>\n\t<path class=\"elementor-shape-fill\" style=\"opacity:0.5\" d=\"M0 0L2600 0 2600 69.1 0 69.1z\"\/>\n\t<path class=\"elementor-shape-fill\" style=\"opacity:0.25\" d=\"M2600 0L0 0 0 130.1 2600 69.1z\"\/>\n<\/svg>\t\t<\/div>\n\t\t\t\t<div class=\"elementor-element elementor-element-a1fb506 elementor-widget elementor-widget-spacer\" data-id=\"a1fb506\" data-element_type=\"widget\" data-widget_type=\"spacer.default\">\n\t\t\t\t<div class=\"elementor-widget-container\">\n\t\t\t\t\t\t\t<div class=\"elementor-spacer\">\n\t\t\t<div class=\"elementor-spacer-inner\"><\/div>\n\t\t<\/div>\n\t\t\t\t\t\t<\/div>\n\t\t\t\t<\/div>\n\t\t\t\t\t<\/div>\n\t\t\t\t<\/div>\n\t\t<div class=\"elementor-element elementor-element-72e1258 e-flex e-con-boxed e-con e-parent\" data-id=\"72e1258\" data-element_type=\"container\">\n\t\t\t\t\t<div class=\"e-con-inner\">\n\t\t\t\t<div class=\"elementor-element elementor-element-adf01c5 elementor-invisible elementor-widget elementor-widget-heading\" data-id=\"adf01c5\" data-element_type=\"widget\" data-settings=\"{&quot;_animation&quot;:&quot;fadeIn&quot;}\" data-widget_type=\"heading.default\">\n\t\t\t\t<div class=\"elementor-widget-container\">\n\t\t\t\t\t<h2 class=\"elementor-heading-title elementor-size-default\"><p class=\"MsoNormal\"><span lang=\"EN-US\">Jedna kropla czyni bohatera!<\/span><span><\/span><\/p><\/h2>\t\t\t\t<\/div>\n\t\t\t\t<\/div>\n\t\t\t\t\t<\/div>\n\t\t\t\t<\/div>\n\t\t<div class=\"elementor-element elementor-element-6a8f0b8 e-flex e-con-boxed e-con e-parent\" data-id=\"6a8f0b8\" data-element_type=\"container\">\n\t\t\t\t\t<div class=\"e-con-inner\">\n\t\t\t\t<div class=\"elementor-element elementor-element-3260d04 elementor-invisible elementor-widget elementor-widget-text-editor\" data-id=\"3260d04\" data-element_type=\"widget\" data-settings=\"{&quot;_animation&quot;:&quot;fadeIn&quot;}\" data-widget_type=\"text-editor.default\">\n\t\t\t\t<div class=\"elementor-widget-container\">\n\t\t\t\t\t\t\t\t\t<p><strong>Wampiriada<\/strong> to cykliczna akcja krwiodawstwa organizowana przez Niezale\u017cne Zrzeszenie Student\u00f3w od 2000 roku. Jej celem jest nie tylko zbi\u00f3rka krwi, ale te\u017c edukacja w zakresie zdrowia, promocja honorowego krwiodawstwa oraz integracja student\u00f3w z lokaln\u0105 spo\u0142eczno\u015bci\u0105. Nazwa Wampiriada to humorystyczne nawi\u0105zanie do tematu krwi, kt\u00f3ra w tym wypadku oznacza realn\u0105 pomoc drugiemu cz\u0142owiekowi.<\/p><div class=\"elementor-element elementor-element-46f0b33 elementor-widget elementor-widget-heading\" data-id=\"46f0b33\" data-element_type=\"widget\" data-widget_type=\"heading.default\"><div class=\"elementor-widget-container\"><h2 class=\"elementor-heading-title elementor-size-default\">Dlaczego warto wzi\u0105\u0107 udzia\u0142?<\/h2><\/div><\/div><div class=\"elementor-element elementor-element-e343483 elementor-widget elementor-widget-text-editor\" data-id=\"e343483\" data-element_type=\"widget\" data-widget_type=\"text-editor.default\"><div class=\"elementor-widget-container\"><p data-pm-slice=\"1 1 []\">Ka\u017cde oddanie krwi to realna pomoc dla os\u00f3b chorych, ofiar wypadk\u00f3w i pacjent\u00f3w wymagaj\u0105cych transfuzji. Wampiriada to nie tylko wsparcie systemu ochrony zdrowia, ale r\u00f3wnie\u017c mo\u017cliwo\u015b\u0107 zdobycia wiedzy na temat krwiodawstwa oraz uczestnictwa w wyj\u0105tkowej inicjatywie studenckiej. W ramach wydarzenia przewidziane s\u0105 tak\u017ce\u00a0<strong>konkursy, upominki i spotkania edukacyjne<\/strong>.<\/p><p data-pm-slice=\"1 1 []\">Dodatkowo za ka\u017cdym razem gdy oddajesz krew masz wykonywane badania laboratoryjne. W dniu oddania i dzie\u0144 p\u00f3\u017aniej przys\u0142uguje Ci zwolnienie z pracy i\/lub uczelni oraz otrzymujesz czekolady jako ekwiwalent kaloryczny.<\/p><\/div><\/div>\t\t\t\t\t\t\t\t<\/div>\n\t\t\t\t<\/div>\n\t\t\t\t<div class=\"elementor-element elementor-element-441f73c elementor-widget elementor-widget-spacer\" data-id=\"441f73c\" data-element_type=\"widget\" data-widget_type=\"spacer.default\">\n\t\t\t\t<div class=\"elementor-widget-container\">\n\t\t\t\t\t\t\t<div class=\"elementor-spacer\">\n\t\t\t<div class=\"elementor-spacer-inner\"><\/div>\n\t\t<\/div>\n\t\t\t\t\t\t<\/div>\n\t\t\t\t<\/div>\n\t\t\t\t\t<\/div>\n\t\t\t\t<\/div>\n\t\t<div class=\"elementor-element elementor-element-56daa64 e-flex e-con-boxed elementor-invisible e-con e-parent\" data-id=\"56daa64\" data-element_type=\"container\" data-settings=\"{&quot;background_background&quot;:&quot;classic&quot;,&quot;shape_divider_top&quot;:&quot;opacity-tilt&quot;,&quot;shape_divider_bottom&quot;:&quot;opacity-tilt&quot;,&quot;animation&quot;:&quot;fadeIn&quot;}\">\n\t\t\t\t\t<div class=\"e-con-inner\">\n\t\t\t\t<div class=\"elementor-shape elementor-shape-top\" aria-hidden=\"true\" data-negative=\"false\">\n\t\t\t<svg xmlns=\"http:\/\/www.w3.org\/2000\/svg\" viewBox=\"0 0 2600 131.1\" preserveAspectRatio=\"none\">\n\t<path class=\"elementor-shape-fill\" d=\"M0 0L2600 0 2600 69.1 0 0z\"\/>\n\t<path class=\"elementor-shape-fill\" style=\"opacity:0.5\" d=\"M0 0L2600 0 2600 69.1 0 69.1z\"\/>\n\t<path class=\"elementor-shape-fill\" style=\"opacity:0.25\" d=\"M2600 0L0 0 0 130.1 2600 69.1z\"\/>\n<\/svg>\t\t<\/div>\n\t\t\t\t<div class=\"elementor-shape elementor-shape-bottom\" aria-hidden=\"true\" data-negative=\"false\">\n\t\t\t<svg xmlns=\"http:\/\/www.w3.org\/2000\/svg\" viewBox=\"0 0 2600 131.1\" preserveAspectRatio=\"none\">\n\t<path class=\"elementor-shape-fill\" d=\"M0 0L2600 0 2600 69.1 0 0z\"\/>\n\t<path class=\"elementor-shape-fill\" style=\"opacity:0.5\" d=\"M0 0L2600 0 2600 69.1 0 69.1z\"\/>\n\t<path class=\"elementor-shape-fill\" style=\"opacity:0.25\" d=\"M2600 0L0 0 0 130.1 2600 69.1z\"\/>\n<\/svg>\t\t<\/div>\n\t\t\t\t<div class=\"elementor-element elementor-element-93d0fcc elementor-widget elementor-widget-spacer\" data-id=\"93d0fcc\" data-element_type=\"widget\" data-widget_type=\"spacer.default\">\n\t\t\t\t<div class=\"elementor-widget-container\">\n\t\t\t\t\t\t\t<div class=\"elementor-spacer\">\n\t\t\t<div class=\"elementor-spacer-inner\"><\/div>\n\t\t<\/div>\n\t\t\t\t\t\t<\/div>\n\t\t\t\t<\/div>\n\t\t\t\t\t<\/div>\n\t\t\t\t<\/div>\n\t\t<div class=\"elementor-element elementor-element-a30a321 e-flex e-con-boxed e-con e-parent\" data-id=\"a30a321\" data-element_type=\"container\">\n\t\t\t\t\t<div class=\"e-con-inner\">\n\t\t\t\t<div class=\"elementor-element elementor-element-b37d30b elementor-widget elementor-widget-heading\" data-id=\"b37d30b\" data-element_type=\"widget\" data-widget_type=\"heading.default\">\n\t\t\t\t<div class=\"elementor-widget-container\">\n\t\t\t\t\t<h2 class=\"elementor-heading-title elementor-size-default\">Dla krwiodawcy<\/h2>\t\t\t\t<\/div>\n\t\t\t\t<\/div>\n\t\t\t\t<div class=\"elementor-element elementor-element-6a53dd7 e-n-tabs-mobile elementor-widget elementor-widget-n-tabs\" data-id=\"6a53dd7\" data-element_type=\"widget\" data-settings=\"{&quot;horizontal_scroll&quot;:&quot;disable&quot;}\" data-widget_type=\"nested-tabs.default\">\n\t\t\t\t<div class=\"elementor-widget-container\">\n\t\t\t\t\t\t\t<div class=\"e-n-tabs\" data-widget-number=\"111492567\" aria-label=\"Tabs. Open items with Enter or Space, close with Escape and navigate using the Arrow keys.\">\n\t\t\t<div class=\"e-n-tabs-heading\" role=\"tablist\">\n\t\t\t\t\t<button id=\"e-n-tab-title-1114925671\" class=\"e-n-tab-title\" aria-selected=\"true\" data-tab-index=\"1\" role=\"tab\" tabindex=\"0\" aria-controls=\"e-n-tab-content-1114925671\" style=\"--n-tabs-title-order: 1;\">\n\t\t\t\t\t\t<span class=\"e-n-tab-title-text\">\n\t\t\t\tKto mo\u017ce odda\u0107 krew?\t\t\t<\/span>\n\t\t<\/button>\n\t\t\t\t<button id=\"e-n-tab-title-1114925672\" class=\"e-n-tab-title\" aria-selected=\"false\" data-tab-index=\"2\" role=\"tab\" tabindex=\"-1\" aria-controls=\"e-n-tab-content-1114925672\" style=\"--n-tabs-title-order: 2;\">\n\t\t\t\t\t\t<span class=\"e-n-tab-title-text\">\n\t\t\t\tCzy musz\u0119 by\u0107 na czczo przed oddaniem krwi?\t\t\t<\/span>\n\t\t<\/button>\n\t\t\t\t<button id=\"e-n-tab-title-1114925673\" class=\"e-n-tab-title\" aria-selected=\"false\" data-tab-index=\"3\" role=\"tab\" tabindex=\"-1\" aria-controls=\"e-n-tab-content-1114925673\" style=\"--n-tabs-title-order: 3;\">\n\t\t\t\t\t\t<span class=\"e-n-tab-title-text\">\n\t\t\t\tCo powinienem zje\u015b\u0107 przed oddaniem krwi?\t\t\t<\/span>\n\t\t<\/button>\n\t\t\t\t<button id=\"e-n-tab-title-1114925674\" class=\"e-n-tab-title\" aria-selected=\"false\" data-tab-index=\"4\" role=\"tab\" tabindex=\"-1\" aria-controls=\"e-n-tab-content-1114925674\" style=\"--n-tabs-title-order: 4;\">\n\t\t\t\t\t\t<span class=\"e-n-tab-title-text\">\n\t\t\t\tIle p\u0142yn\u00f3w powinienem wypi\u0107 przed oddaniem krwi?\t\t\t<\/span>\n\t\t<\/button>\n\t\t\t\t<button id=\"e-n-tab-title-1114925675\" class=\"e-n-tab-title\" aria-selected=\"false\" data-tab-index=\"5\" role=\"tab\" tabindex=\"-1\" aria-controls=\"e-n-tab-content-1114925675\" style=\"--n-tabs-title-order: 5;\">\n\t\t\t\t\t\t<span class=\"e-n-tab-title-text\">\n\t\t\t\tCzy mog\u0119 je przyjmowa\u0107 przed oddaniem krwi?\t\t\t<\/span>\n\t\t<\/button>\n\t\t\t\t<button id=\"e-n-tab-title-1114925676\" class=\"e-n-tab-title\" aria-selected=\"false\" data-tab-index=\"6\" role=\"tab\" tabindex=\"-1\" aria-controls=\"e-n-tab-content-1114925676\" style=\"--n-tabs-title-order: 6;\">\n\t\t\t\t\t\t<span class=\"e-n-tab-title-text\">\n\t\t\t\tCo z tatua\u017cami i piercingiem?\t\t\t<\/span>\n\t\t<\/button>\n\t\t\t\t\t<\/div>\n\t\t\t<div class=\"e-n-tabs-content\">\n\t\t\t\t<div id=\"e-n-tab-content-1114925671\" role=\"tabpanel\" aria-labelledby=\"e-n-tab-title-1114925671\" data-tab-index=\"1\" style=\"--n-tabs-title-order: 1;\" class=\"e-active elementor-element elementor-element-404bae3 e-con-full e-flex e-con e-child\" data-id=\"404bae3\" data-element_type=\"container\">\n\t\t<div class=\"elementor-element elementor-element-887b105 e-con-full e-flex e-con e-child\" data-id=\"887b105\" data-element_type=\"container\">\n\t\t\t\t<\/div>\n\t\t<div class=\"elementor-element elementor-element-b93b8c0 e-con-full e-flex e-con e-child\" data-id=\"b93b8c0\" data-element_type=\"container\">\n\t\t\t\t<div class=\"elementor-element elementor-element-f1c6dd2 elementor-widget elementor-widget-text-editor\" data-id=\"f1c6dd2\" data-element_type=\"widget\" data-widget_type=\"text-editor.default\">\n\t\t\t\t<div class=\"elementor-widget-container\">\n\t\t\t\t\t\t\t\t\t<p>Krew mo\u017ce odda\u0107 ka\u017cda zdrowa osoba w wieku od 18 do 65 lat (pierwsze oddanie do 60 lat), wa\u017c\u0105ca co najmniej 50 kg. Wa\u017cne jest, aby czu\u0107 si\u0119 og\u00f3lnie dobrze i nie mie\u0107 \u017cadnych przeciwwskaza\u0144 zdrowotnych.<\/p>\t\t\t\t\t\t\t\t<\/div>\n\t\t\t\t<\/div>\n\t\t\t\t<\/div>\n\t\t<div class=\"elementor-element elementor-element-455b56e e-con-full e-flex e-con e-child\" data-id=\"455b56e\" data-element_type=\"container\">\n\t\t\t\t<\/div>\n\t\t\t\t<\/div>\n\t\t<div id=\"e-n-tab-content-1114925672\" role=\"tabpanel\" aria-labelledby=\"e-n-tab-title-1114925672\" data-tab-index=\"2\" style=\"--n-tabs-title-order: 2;\" class=\" elementor-element elementor-element-8c9fad4 e-con-full e-flex e-con e-child\" data-id=\"8c9fad4\" data-element_type=\"container\">\n\t\t<div class=\"elementor-element elementor-element-6f522c0 e-con-full e-flex e-con e-child\" data-id=\"6f522c0\" data-element_type=\"container\">\n\t\t\t\t<\/div>\n\t\t<div class=\"elementor-element elementor-element-781b9e5 e-con-full e-flex e-con e-child\" data-id=\"781b9e5\" data-element_type=\"container\">\n\t\t\t\t<div class=\"elementor-element elementor-element-3503ce1 elementor-widget elementor-widget-text-editor\" data-id=\"3503ce1\" data-element_type=\"widget\" data-widget_type=\"text-editor.default\">\n\t\t\t\t<div class=\"elementor-widget-container\">\n\t\t\t\t\t\t\t\t\t<p>Nie, absolutnie nie nale\u017cy oddawa\u0107 krwi na czczo. Przed oddaniem krwi nale\u017cy zje\u015b\u0107 lekki posi\u0142ek, np. pieczywo, d\u017cem, chud\u0105 w\u0119dlin\u0119, warzywa, owoce, pi\u0107 du\u017co p\u0142yn\u00f3w.<\/p>\t\t\t\t\t\t\t\t<\/div>\n\t\t\t\t<\/div>\n\t\t\t\t<\/div>\n\t\t<div class=\"elementor-element elementor-element-0826203 e-con-full e-flex e-con e-child\" data-id=\"0826203\" data-element_type=\"container\">\n\t\t\t\t<\/div>\n\t\t\t\t<\/div>\n\t\t<div id=\"e-n-tab-content-1114925673\" role=\"tabpanel\" aria-labelledby=\"e-n-tab-title-1114925673\" data-tab-index=\"3\" style=\"--n-tabs-title-order: 3;\" class=\" elementor-element elementor-element-f6fa507 e-con-full e-flex e-con e-child\" data-id=\"f6fa507\" data-element_type=\"container\">\n\t\t<div class=\"elementor-element elementor-element-209ffd5 e-con-full e-flex e-con e-child\" data-id=\"209ffd5\" data-element_type=\"container\">\n\t\t\t\t<\/div>\n\t\t<div class=\"elementor-element elementor-element-9c06099 e-con-full e-flex e-con e-child\" data-id=\"9c06099\" data-element_type=\"container\">\n\t\t\t\t<div class=\"elementor-element elementor-element-46a9d26 elementor-widget elementor-widget-text-editor\" data-id=\"46a9d26\" data-element_type=\"widget\" data-widget_type=\"text-editor.default\">\n\t\t\t\t<div class=\"elementor-widget-container\">\n\t\t\t\t\t\t\t\t\t<p>Zjedz lekki posi\u0142ek bogaty w w\u0119glowodany, np. bu\u0142ki z d\u017cemem, pieczywo, warzywa, owoce, chud\u0105 w\u0119dlin\u0119. Unikaj t\u0142ustych potraw, poniewa\u017c mog\u0105 one wp\u0142yn\u0105\u0107 na wyniki bada\u0144 laboratoryjnych krwi.<\/p>\t\t\t\t\t\t\t\t<\/div>\n\t\t\t\t<\/div>\n\t\t\t\t<\/div>\n\t\t<div class=\"elementor-element elementor-element-facc9e8 e-con-full e-flex e-con e-child\" data-id=\"facc9e8\" data-element_type=\"container\">\n\t\t\t\t<\/div>\n\t\t\t\t<\/div>\n\t\t<div id=\"e-n-tab-content-1114925674\" role=\"tabpanel\" aria-labelledby=\"e-n-tab-title-1114925674\" data-tab-index=\"4\" style=\"--n-tabs-title-order: 4;\" class=\" elementor-element elementor-element-3a9893a e-flex e-con-boxed e-con e-child\" data-id=\"3a9893a\" data-element_type=\"container\">\n\t\t\t\t\t<div class=\"e-con-inner\">\n\t\t<div class=\"elementor-element elementor-element-d08fc5e e-con-full e-flex e-con e-child\" data-id=\"d08fc5e\" data-element_type=\"container\">\n\t\t\t\t<\/div>\n\t\t<div class=\"elementor-element elementor-element-e5a273d e-con-full e-flex e-con e-child\" data-id=\"e5a273d\" data-element_type=\"container\">\n\t\t\t\t<div class=\"elementor-element elementor-element-ca0669f elementor-widget elementor-widget-text-editor\" data-id=\"ca0669f\" data-element_type=\"widget\" data-widget_type=\"text-editor.default\">\n\t\t\t\t<div class=\"elementor-widget-container\">\n\t\t\t\t\t\t\t\t\t<p data-sourcepos=\"16:1-17:233\">Wypij co najmniej 1,5 do 2 litr\u00f3w p\u0142yn\u00f3w (woda, soki, herbata) w ci\u0105gu 24 godzin poprzedzaj\u0105cych oddanie krwi, a szczeg\u00f3lnie rano przed donacj\u0105. Dobre nawodnienie organizmu jest kluczowe dla Twojego samopoczucia i p\u0142ynno\u015bci pobrania.<\/p>\t\t\t\t\t\t\t\t<\/div>\n\t\t\t\t<\/div>\n\t\t\t\t<\/div>\n\t\t<div class=\"elementor-element elementor-element-6f0b90b e-con-full e-flex e-con e-child\" data-id=\"6f0b90b\" data-element_type=\"container\">\n\t\t\t\t<\/div>\n\t\t\t\t\t<\/div>\n\t\t\t\t<\/div>\n\t\t<div id=\"e-n-tab-content-1114925675\" role=\"tabpanel\" aria-labelledby=\"e-n-tab-title-1114925675\" data-tab-index=\"5\" style=\"--n-tabs-title-order: 5;\" class=\" elementor-element elementor-element-d9bd289 e-flex e-con-boxed e-con e-child\" data-id=\"d9bd289\" data-element_type=\"container\">\n\t\t\t\t\t<div class=\"e-con-inner\">\n\t\t<div class=\"elementor-element elementor-element-90067d3 e-con-full e-flex e-con e-child\" data-id=\"90067d3\" data-element_type=\"container\">\n\t\t\t\t<\/div>\n\t\t<div class=\"elementor-element elementor-element-c0150b1 e-con-full e-flex e-con e-child\" data-id=\"c0150b1\" data-element_type=\"container\">\n\t\t\t\t<div class=\"elementor-element elementor-element-aabb4d3 elementor-widget elementor-widget-text-editor\" data-id=\"aabb4d3\" data-element_type=\"widget\" data-widget_type=\"text-editor.default\">\n\t\t\t\t<div class=\"elementor-widget-container\">\n\t\t\t\t\t\t\t\t\t<p>Wi\u0119kszo\u015b\u0107 standardowych lek\u00f3w (np. na nadci\u015bnienie) nie stanowi przeciwwskazania, ale zawsze nale\u017cy poinformowa\u0107 lekarza kwalifikuj\u0105cego o wszystkich przyjmowanych lekach. Niekt\u00f3re leki (np. antybiotyki, leki przeciwzakrzepowe) mog\u0105 dyskwalifikowa\u0107 na pewien czas.<\/p>\t\t\t\t\t\t\t\t<\/div>\n\t\t\t\t<\/div>\n\t\t\t\t<\/div>\n\t\t<div class=\"elementor-element elementor-element-4b29c43 e-con-full e-flex e-con e-child\" data-id=\"4b29c43\" data-element_type=\"container\">\n\t\t\t\t<\/div>\n\t\t\t\t\t<\/div>\n\t\t\t\t<\/div>\n\t\t<div id=\"e-n-tab-content-1114925676\" role=\"tabpanel\" aria-labelledby=\"e-n-tab-title-1114925676\" data-tab-index=\"6\" style=\"--n-tabs-title-order: 6;\" class=\" elementor-element elementor-element-e0f383f e-flex e-con-boxed e-con e-child\" data-id=\"e0f383f\" data-element_type=\"container\">\n\t\t\t\t\t<div class=\"e-con-inner\">\n\t\t<div class=\"elementor-element elementor-element-c15fdf6 e-con-full e-flex e-con e-child\" data-id=\"c15fdf6\" data-element_type=\"container\">\n\t\t\t\t<\/div>\n\t\t<div class=\"elementor-element elementor-element-8219214 e-con-full e-flex e-con e-child\" data-id=\"8219214\" data-element_type=\"container\">\n\t\t\t\t<div class=\"elementor-element elementor-element-2d9ac03 elementor-widget elementor-widget-text-editor\" data-id=\"2d9ac03\" data-element_type=\"widget\" data-widget_type=\"text-editor.default\">\n\t\t\t\t<div class=\"elementor-widget-container\">\n\t\t\t\t\t\t\t\t\t<p>Po wykonaniu tatua\u017cu, piercingu, akupunkturze czy innych zabiegach naruszaj\u0105cych ci\u0105g\u0142o\u015b\u0107 sk\u00f3ry nale\u017cy odczeka\u0107 6 miesi\u0119cy przed oddaniem krwi. Jest to zwi\u0105zane z ryzykiem przeniesienia niekt\u00f3rych chor\u00f3b.<\/p>\t\t\t\t\t\t\t\t<\/div>\n\t\t\t\t<\/div>\n\t\t\t\t<\/div>\n\t\t<div class=\"elementor-element elementor-element-c5cfbf0 e-con-full e-flex e-con e-child\" data-id=\"c5cfbf0\" data-element_type=\"container\">\n\t\t\t\t<\/div>\n\t\t\t\t\t<\/div>\n\t\t\t\t<\/div>\n\t\t\t\t\t<\/div>\n\t\t<\/div>\n\t\t\t\t\t\t<\/div>\n\t\t\t\t<\/div>\n\t\t\t\t\t<\/div>\n\t\t\t\t<\/div>\n\t\t<div class=\"elementor-element elementor-element-26cd2bc e-flex e-con-boxed e-con e-parent\" data-id=\"26cd2bc\" data-element_type=\"container\">\n\t\t\t\t\t<div class=\"e-con-inner\">\n\t\t\t\t<div class=\"elementor-element elementor-element-aab5b00 elementor-widget elementor-widget-spacer\" data-id=\"aab5b00\" data-element_type=\"widget\" data-widget_type=\"spacer.default\">\n\t\t\t\t<div class=\"elementor-widget-container\">\n\t\t\t\t\t\t\t<div class=\"elementor-spacer\">\n\t\t\t<div class=\"elementor-spacer-inner\"><\/div>\n\t\t<\/div>\n\t\t\t\t\t\t<\/div>\n\t\t\t\t<\/div>\n\t\t\t\t\t<\/div>\n\t\t\t\t<\/div>\n\t\t\t\t<\/div>\n\t\t","protected":false},"excerpt":{"rendered":"<p>Jedna kropla czyni bohatera! Wampiriada to cykliczna akcja krwiodawstwa organizowana przez Niezale\u017cne Zrzeszenie Student\u00f3w od 2000 roku. Jej celem jest nie tylko zbi\u00f3rka krwi, ale te\u017c edukacja w zakresie zdrowia, promocja honorowego krwiodawstwa oraz integracja student\u00f3w z lokaln\u0105 spo\u0142eczno\u015bci\u0105. Nazwa Wampiriada to humorystyczne nawi\u0105zanie do tematu krwi, kt\u00f3ra w tym wypadku oznacza realn\u0105 pomoc drugiemu [&hellip;]<\/p>\n","protected":false},"author":5,"featured_media":0,"parent":0,"menu_order":0,"comment_status":"closed","ping_status":"closed","template":"","meta":{"footnotes":""},"class_list":["post-176","page","type-page","status-publish","hentry"],"blocksy_meta":[],"_links":{"self":[{"href":"https:\/\/wampiriada.info\/index.php\/wp-json\/wp\/v2\/pages\/176","targetHints":{"allow":["GET"]}}],"collection":[{"href":"https:\/\/wampiriada.info\/index.php\/wp-json\/wp\/v2\/pages"}],"about":[{"href":"https:\/\/wampiriada.info\/index.php\/wp-json\/wp\/v2\/types\/page"}],"author":[{"embeddable":true,"href":"https:\/\/wampiriada.info\/index.php\/wp-json\/wp\/v2\/users\/5"}],"replies":[{"embeddable":true,"href":"https:\/\/wampiriada.info\/index.php\/wp-json\/wp\/v2\/comments?post=176"}],"version-history":[{"count":107,"href":"https:\/\/wampiriada.info\/index.php\/wp-json\/wp\/v2\/pages\/176\/revisions"}],"predecessor-version":[{"id":361,"href":"https:\/\/wampiriada.info\/index.php\/wp-json\/wp\/v2\/pages\/176\/revisions\/361"}],"wp:attachment":[{"href":"https:\/\/wampiriada.info\/index.php\/wp-json\/wp\/v2\/media?parent=176"}],"curies":[{"name":"wp","href":"https:\/\/api.w.org\/{rel}","templated":true}]}}