{"id":64,"date":"2025-04-29T16:02:22","date_gmt":"2025-04-29T16:02:22","guid":{"rendered":"https:\/\/wampiriada.info\/?page_id=64"},"modified":"2025-11-22T15:44:32","modified_gmt":"2025-11-22T15:44:32","slug":"kontakt","status":"publish","type":"page","link":"https:\/\/wampiriada.info\/index.php\/kontakt\/","title":{"rendered":"Kontakt"},"content":{"rendered":"\t\t<div data-elementor-type=\"wp-page\" data-elementor-id=\"64\" class=\"elementor elementor-64\">\n\t\t\t\t<div class=\"elementor-element elementor-element-e6c888b e-flex e-con-boxed e-con e-parent\" data-id=\"e6c888b\" data-element_type=\"container\">\n\t\t\t\t\t<div class=\"e-con-inner\">\n\t\t<div class=\"elementor-element elementor-element-d09ece8 e-con-full e-flex e-con e-child\" data-id=\"d09ece8\" data-element_type=\"container\">\n\t\t\t\t<div class=\"elementor-element elementor-element-8c9a73a elementor-invisible elementor-widget elementor-widget-image\" data-id=\"8c9a73a\" data-element_type=\"widget\" data-settings=\"{&quot;_animation&quot;:&quot;fadeIn&quot;}\" data-widget_type=\"image.default\">\n\t\t\t\t<div class=\"elementor-widget-container\">\n\t\t\t\t\t\t\t\t\t\t\t\t\t\t\t<img fetchpriority=\"high\" decoding=\"async\" width=\"300\" height=\"300\" src=\"https:\/\/wampiriada.info\/wp-content\/uploads\/2025\/11\/dsc01821-3-scaled-e1763825796142-300x300.jpg\" class=\"attachment-medium size-medium wp-image-352\" alt=\"\" srcset=\"https:\/\/wampiriada.info\/wp-content\/uploads\/2025\/11\/dsc01821-3-scaled-e1763825796142-300x300.jpg 300w, https:\/\/wampiriada.info\/wp-content\/uploads\/2025\/11\/dsc01821-3-scaled-e1763825796142-1024x1024.jpg 1024w, https:\/\/wampiriada.info\/wp-content\/uploads\/2025\/11\/dsc01821-3-scaled-e1763825796142-150x150.jpg 150w, https:\/\/wampiriada.info\/wp-content\/uploads\/2025\/11\/dsc01821-3-scaled-e1763825796142-768x768.jpg 768w, https:\/\/wampiriada.info\/wp-content\/uploads\/2025\/11\/dsc01821-3-scaled-e1763825796142-1536x1536.jpg 1536w, https:\/\/wampiriada.info\/wp-content\/uploads\/2025\/11\/dsc01821-3-scaled-e1763825796142.jpg 1707w\" sizes=\"(max-width: 300px) 100vw, 300px\" \/>\t\t\t\t\t\t\t\t\t\t\t\t\t\t\t<\/div>\n\t\t\t\t<\/div>\n\t\t\t\t<\/div>\n\t\t<div class=\"elementor-element elementor-element-1402424 e-con-full e-flex e-con e-child\" data-id=\"1402424\" data-element_type=\"container\">\n\t\t<div class=\"elementor-element elementor-element-1e577bc e-con-full e-flex e-con e-child\" data-id=\"1e577bc\" data-element_type=\"container\">\n\t\t\t\t<div class=\"elementor-element elementor-element-b61f85b elementor-widget__width-initial elementor-invisible elementor-widget elementor-widget-heading\" data-id=\"b61f85b\" data-element_type=\"widget\" data-settings=\"{&quot;_animation&quot;:&quot;fadeIn&quot;}\" data-widget_type=\"heading.default\">\n\t\t\t\t<div class=\"elementor-widget-container\">\n\t\t\t\t\t<h2 class=\"elementor-heading-title elementor-size-default\">Marta Pawlak\n\n<i><h1 style=\"font-size:2vw\">Koordynatorka krajowa projektu Wamipiriada<\/h1><\/i><\/h2>\t\t\t\t<\/div>\n\t\t\t\t<\/div>\n\t\t\t\t<div class=\"elementor-element elementor-element-16f2c11 elementor-invisible elementor-widget elementor-widget-text-editor\" data-id=\"16f2c11\" data-element_type=\"widget\" data-settings=\"{&quot;_animation&quot;:&quot;fadeIn&quot;}\" data-widget_type=\"text-editor.default\">\n\t\t\t\t<div class=\"elementor-widget-container\">\n\t\t\t\t\t\t\t\t\t<p><span style=\"font-family: inherit; font-size: inherit; font-style: inherit; font-variant-ligatures: inherit; font-variant-caps: inherit; font-weight: inherit; text-align: var(--text-align); color: var(--theme-text-color); letter-spacing: var(--theme-letter-spacing); text-transform: var(--theme-text-transform); background-color: var(--theme-palette-color-7);\">\ud83d\udce7\u00a0<\/span><strong style=\"font-family: inherit; font-size: inherit; font-style: inherit; font-variant-ligatures: inherit; font-variant-caps: inherit; text-align: var(--text-align); color: var(--theme-text-color); letter-spacing: var(--theme-letter-spacing); text-transform: var(--theme-text-transform); background-color: var(--theme-palette-color-7);\" data-start=\"1376\" data-end=\"1386\">Email: marta.pawlak@nzs.org.pl<\/strong><\/p><p><span style=\"color: var(--theme-text-color); font-family: inherit; font-size: inherit; font-style: inherit; font-variant-ligatures: inherit; font-variant-caps: inherit; font-weight: inherit; letter-spacing: var(--theme-letter-spacing); text-align: var(--text-align); text-transform: var(--theme-text-transform); background-color: var(--theme-palette-color-7);\">\ud83d\udcf1\u00a0<\/span><strong style=\"color: var(--theme-text-color); font-family: inherit; font-size: inherit; font-style: inherit; font-variant-ligatures: inherit; font-variant-caps: inherit; letter-spacing: var(--theme-letter-spacing); text-align: var(--text-align); text-transform: var(--theme-text-transform); background-color: var(--theme-palette-color-7);\" data-start=\"1416\" data-end=\"1428\">Telefon:+48 518 764 684<\/strong><\/p>\t\t\t\t\t\t\t\t<\/div>\n\t\t\t\t<\/div>\n\t\t\t\t<\/div>\n\t\t\t\t<\/div>\n\t\t\t\t\t<\/div>\n\t\t\t\t<\/div>\n\t\t<div class=\"elementor-element elementor-element-ada49c7 e-flex e-con-boxed e-con e-parent\" data-id=\"ada49c7\" data-element_type=\"container\">\n\t\t\t\t\t<div class=\"e-con-inner\">\n\t\t<div class=\"elementor-element elementor-element-c809006 e-con-full e-flex e-con e-child\" data-id=\"c809006\" data-element_type=\"container\">\n\t\t\t\t<div class=\"elementor-element elementor-element-44a3740 elementor-widget elementor-widget-image\" data-id=\"44a3740\" data-element_type=\"widget\" data-widget_type=\"image.default\">\n\t\t\t\t<div class=\"elementor-widget-container\">\n\t\t\t\t\t\t\t\t\t\t\t\t\t\t\t<img decoding=\"async\" width=\"300\" height=\"300\" src=\"https:\/\/wampiriada.info\/wp-content\/uploads\/2025\/06\/aleksandra-biarda-scaled-e1748902217641-300x300.jpg\" class=\"attachment-medium size-medium wp-image-342\" alt=\"\" srcset=\"https:\/\/wampiriada.info\/wp-content\/uploads\/2025\/06\/aleksandra-biarda-scaled-e1748902217641-300x300.jpg 300w, https:\/\/wampiriada.info\/wp-content\/uploads\/2025\/06\/aleksandra-biarda-scaled-e1748902217641-1024x1024.jpg 1024w, https:\/\/wampiriada.info\/wp-content\/uploads\/2025\/06\/aleksandra-biarda-scaled-e1748902217641-150x150.jpg 150w, https:\/\/wampiriada.info\/wp-content\/uploads\/2025\/06\/aleksandra-biarda-scaled-e1748902217641-768x768.jpg 768w, https:\/\/wampiriada.info\/wp-content\/uploads\/2025\/06\/aleksandra-biarda-scaled-e1748902217641-1536x1536.jpg 1536w, https:\/\/wampiriada.info\/wp-content\/uploads\/2025\/06\/aleksandra-biarda-scaled-e1748902217641.jpg 1920w\" sizes=\"(max-width: 300px) 100vw, 300px\" \/>\t\t\t\t\t\t\t\t\t\t\t\t\t\t\t<\/div>\n\t\t\t\t<\/div>\n\t\t\t\t<\/div>\n\t\t<div class=\"elementor-element elementor-element-74e2ce8 e-con-full e-flex e-con e-child\" data-id=\"74e2ce8\" data-element_type=\"container\">\n\t\t<div class=\"elementor-element elementor-element-265b655 e-con-full e-flex e-con e-child\" data-id=\"265b655\" data-element_type=\"container\">\n\t\t\t\t<div class=\"elementor-element elementor-element-c908b73 elementor-widget__width-initial elementor-invisible elementor-widget elementor-widget-heading\" data-id=\"c908b73\" data-element_type=\"widget\" data-settings=\"{&quot;_animation&quot;:&quot;fadeIn&quot;}\" data-widget_type=\"heading.default\">\n\t\t\t\t<div class=\"elementor-widget-container\">\n\t\t\t\t\t<h2 class=\"elementor-heading-title elementor-size-default\">Aleksandra Biarda\n\n<i><h1 style=\"font-size:2vw\">Wiceprzewodnicz\u0105ca ds. projekt\u00f3w Niezale\u017cnego Zrzeszenia Student\u00f3w\n<\/h1><\/i><\/h2>\t\t\t\t<\/div>\n\t\t\t\t<\/div>\n\t\t\t\t<div class=\"elementor-element elementor-element-ca40c84 elementor-invisible elementor-widget elementor-widget-text-editor\" data-id=\"ca40c84\" data-element_type=\"widget\" data-settings=\"{&quot;_animation&quot;:&quot;fadeIn&quot;}\" data-widget_type=\"text-editor.default\">\n\t\t\t\t<div class=\"elementor-widget-container\">\n\t\t\t\t\t\t\t\t\t<p><span style=\"font-family: inherit; font-size: inherit; font-style: inherit; font-variant-ligatures: inherit; font-variant-caps: inherit; font-weight: inherit; text-align: var(--text-align); color: var(--theme-text-color); letter-spacing: var(--theme-letter-spacing); text-transform: var(--theme-text-transform); background-color: var(--theme-palette-color-7);\">\ud83d\udce7\u00a0<\/span><strong style=\"font-family: inherit; font-size: inherit; font-style: inherit; font-variant-ligatures: inherit; font-variant-caps: inherit; text-align: var(--text-align); color: var(--theme-text-color); letter-spacing: var(--theme-letter-spacing); text-transform: var(--theme-text-transform); background-color: var(--theme-palette-color-7);\" data-start=\"1376\" data-end=\"1386\">Email: aleksandra.biarda@nzs.org.pl<\/strong><\/p><p><span style=\"color: var(--theme-text-color); font-family: inherit; font-size: inherit; font-style: inherit; font-variant-ligatures: inherit; font-variant-caps: inherit; font-weight: inherit; letter-spacing: var(--theme-letter-spacing); text-align: var(--text-align); text-transform: var(--theme-text-transform); background-color: var(--theme-palette-color-7);\">\ud83d\udcf1\u00a0<\/span><strong style=\"color: var(--theme-text-color); font-family: inherit; font-size: inherit; font-style: inherit; font-variant-ligatures: inherit; font-variant-caps: inherit; letter-spacing: var(--theme-letter-spacing); text-align: var(--text-align); text-transform: var(--theme-text-transform); background-color: var(--theme-palette-color-7);\" data-start=\"1416\" data-end=\"1428\">Telefon:+48 792 280 533<\/strong><\/p>\t\t\t\t\t\t\t\t<\/div>\n\t\t\t\t<\/div>\n\t\t\t\t<\/div>\n\t\t\t\t<\/div>\n\t\t\t\t\t<\/div>\n\t\t\t\t<\/div>\n\t\t<div class=\"elementor-element elementor-element-624584f e-flex e-con-boxed e-con e-parent\" data-id=\"624584f\" data-element_type=\"container\">\n\t\t\t\t\t<div class=\"e-con-inner\">\n\t\t\t\t\t<\/div>\n\t\t\t\t<\/div>\n\t\t\t\t<\/div>\n\t\t","protected":false},"excerpt":{"rendered":"<p>Marta Pawlak Koordynatorka krajowa projektu Wamipiriada \ud83d\udce7\u00a0Email: marta.pawlak@nzs.org.pl \ud83d\udcf1\u00a0Telefon:+48 518 764 684 Aleksandra Biarda Wiceprzewodnicz\u0105ca ds. projekt\u00f3w Niezale\u017cnego Zrzeszenia Student\u00f3w \ud83d\udce7\u00a0Email: aleksandra.biarda@nzs.org.pl \ud83d\udcf1\u00a0Telefon:+48 792 280 533<\/p>\n","protected":false},"author":5,"featured_media":0,"parent":0,"menu_order":0,"comment_status":"closed","ping_status":"closed","template":"","meta":{"footnotes":""},"class_list":["post-64","page","type-page","status-publish","hentry"],"blocksy_meta":[],"_links":{"self":[{"href":"https:\/\/wampiriada.info\/index.php\/wp-json\/wp\/v2\/pages\/64","targetHints":{"allow":["GET"]}}],"collection":[{"href":"https:\/\/wampiriada.info\/index.php\/wp-json\/wp\/v2\/pages"}],"about":[{"href":"https:\/\/wampiriada.info\/index.php\/wp-json\/wp\/v2\/types\/page"}],"author":[{"embeddable":true,"href":"https:\/\/wampiriada.info\/index.php\/wp-json\/wp\/v2\/users\/5"}],"replies":[{"embeddable":true,"href":"https:\/\/wampiriada.info\/index.php\/wp-json\/wp\/v2\/comments?post=64"}],"version-history":[{"count":85,"href":"https:\/\/wampiriada.info\/index.php\/wp-json\/wp\/v2\/pages\/64\/revisions"}],"predecessor-version":[{"id":356,"href":"https:\/\/wampiriada.info\/index.php\/wp-json\/wp\/v2\/pages\/64\/revisions\/356"}],"wp:attachment":[{"href":"https:\/\/wampiriada.info\/index.php\/wp-json\/wp\/v2\/media?parent=64"}],"curies":[{"name":"wp","href":"https:\/\/api.w.org\/{rel}","templated":true}]}}